{"id":6478,"date":"2022-01-17T22:46:11","date_gmt":"2022-01-17T21:46:11","guid":{"rendered":"https:\/\/deepadaptation.hu\/deep-adaptation\/a-4r-keretrendszere\/"},"modified":"2026-01-10T20:15:06","modified_gmt":"2026-01-10T19:15:06","slug":"the-4r-framework","status":"publish","type":"page","link":"https:\/\/deepadaptation.hu\/en\/deep-adaptation\/the-4r-framework\/","title":{"rendered":"The 4R Framework"},"content":{"rendered":"<p>[et_pb_section fb_built=&#8221;1&#8243; _builder_version=&#8221;4.16&#8243; use_background_color_gradient=&#8221;on&#8221; background_color_gradient_direction=&#8221;45deg&#8221; background_color_gradient_stops=&#8221;rgba(29,38,0,0.85) 0%|rgba(29,38,0,0) 100%&#8221; background_color_gradient_overlays_image=&#8221;on&#8221; background_color_gradient_start=&#8221;rgba(29,38,0,0.85)&#8221; background_color_gradient_end=&#8221;rgba(29,38,0,0)&#8221; background_image=&#8221;https:\/\/deepadaptation.hu\/wp-content\/uploads\/2021\/12\/sea-water-nature-ocean-drop-liquid-559562-pxhere.com_.jpg&#8221; custom_padding=&#8221;6vw|0px|6vw|0px|true|false&#8221; global_colors_info=&#8221;{}&#8221;][et_pb_row use_custom_gutter=&#8221;on&#8221; gutter_width=&#8221;1&#8243; _builder_version=&#8221;4.16&#8243; module_alignment=&#8221;left&#8221; global_colors_info=&#8221;{}&#8221;][et_pb_column type=&#8221;4_4&#8243; _builder_version=&#8221;4.16&#8243; background_color=&#8221;rgba(0,0,0,0.69)&#8221; custom_padding=&#8221;|||&#8221; global_colors_info=&#8221;{}&#8221; custom_padding__hover=&#8221;|||&#8221;][et_pb_text _builder_version=&#8221;4.27.5&#8243; _module_preset=&#8221;947274ce-9194-40d1-93a0-963b445da3bb&#8221; locked=&#8221;off&#8221; global_colors_info=&#8221;{}&#8221;]<\/p>\n<h1>The 4R Framework<\/h1>\n<p class=\"header-quote\">\u2026tasks that lie ahead in the complex process of adaptation<strong><span class=\"header-quote-green\"><\/span><\/strong><\/p>\n<p>[\/et_pb_text][\/et_pb_column][\/et_pb_row][\/et_pb_section][et_pb_section fb_built=&#8221;1&#8243; custom_padding_last_edited=&#8221;on|tablet&#8221; admin_label=&#8221;About&#8221; _builder_version=&#8221;4.16&#8243; background_enable_image=&#8221;off&#8221; background_size=&#8221;initial&#8221; background_position=&#8221;top_left&#8221; module_alignment=&#8221;center&#8221; custom_margin=&#8221;||0px||false|false&#8221; custom_padding=&#8221;||0px||false|false&#8221; custom_padding_tablet=&#8221;||0px||false|false&#8221; custom_padding_phone=&#8221;||0px||false|false&#8221; global_colors_info=&#8221;{}&#8221;][et_pb_row column_structure=&#8221;3_5,2_5&#8243; custom_padding_last_edited=&#8221;on|phone&#8221; _builder_version=&#8221;4.16&#8243; _module_preset=&#8221;default&#8221; module_alignment=&#8221;center&#8221; custom_margin_tablet=&#8221;|0px||0px|false|false&#8221; custom_margin_phone=&#8221;||||false|false&#8221; custom_margin_last_edited=&#8221;on|tablet&#8221; custom_padding=&#8221;||||false|false&#8221; custom_padding_tablet=&#8221;0px|0px|0px|0px|false|false&#8221; custom_padding_phone=&#8221;||0px||false|false&#8221; module_alignment_tablet=&#8221;center&#8221; module_alignment_phone=&#8221;center&#8221; module_alignment_last_edited=&#8221;on|phone&#8221; global_colors_info=&#8221;{}&#8221;][et_pb_column type=&#8221;3_5&#8243; _builder_version=&#8221;4.16&#8243; _module_preset=&#8221;default&#8221; custom_padding=&#8221;0%|||0px|false|false&#8221; custom_padding_tablet=&#8221;|0px|||false|false&#8221; custom_padding_phone=&#8221;|0px|||false|false&#8221; custom_padding_last_edited=&#8221;on|tablet&#8221; global_colors_info=&#8221;{}&#8221;][et_pb_text _builder_version=&#8221;4.27.5&#8243; text_font=&#8221;||||||||&#8221; header_font=&#8221;||||||||&#8221; header_2_font=&#8221;|||on|||||&#8221; header_2_font_size=&#8221;40px&#8221; header_3_font=&#8221;|700||on|||||&#8221; header_3_font_size=&#8221;20px&#8221; header_3_letter_spacing=&#8221;1px&#8221; header_3_line_height=&#8221;1.7em&#8221; module_alignment=&#8221;center&#8221; custom_margin=&#8221;0px|0px|0px|0px|false|true&#8221; custom_padding=&#8221;0%|1em|0%|0px|true|false&#8221; custom_padding_tablet=&#8221;5%||0%||false|true&#8221; custom_padding_phone=&#8221;5%|0%|0%|0%|false|true&#8221; custom_padding_last_edited=&#8221;on|phone&#8221; text_font_size_tablet=&#8221;&#8221; text_font_size_phone=&#8221;16px&#8221; text_font_size_last_edited=&#8221;on|phone&#8221; text_line_height_tablet=&#8221;&#8221; text_line_height_phone=&#8221;1.8em&#8221; text_line_height_last_edited=&#8221;on|phone&#8221; border_radii=&#8221;on|5px|5px|5px|5px&#8221; border_color_all=&#8221;#399c75&#8243; border_radii_tablet=&#8221;on|0px|0px|0px|0px&#8221; border_radii_phone=&#8221;on|0px|0px|0px|0px&#8221; border_radii_last_edited=&#8221;on|tablet&#8221; border_width_all_tablet=&#8221;0px&#8221; border_width_all_phone=&#8221;0px&#8221; border_width_all_last_edited=&#8221;on|tablet&#8221; global_colors_info=&#8221;{}&#8221;]<\/p>\n<h3>Origins<\/h3>\n<p>In his 2018 paper, Professor Jem Bendell pointed out that the prevailing view among climate researchers and practitioners rests on the <strong>assumption that our current economic, social, and political systems are sufficiently resilient<\/strong> to adapt to immense challenges, and therefore continue largely unchanged.<\/p>\n<p>He introduced the concept of <strong>Deep Adaptation<\/strong> to describe an alternative perspective:<\/p>\n<blockquote>\n<p><strong>one that accepts the collapse of natural and human systems as a real possibility, potentially within our own lifetimes.<\/strong><\/p>\n<\/blockquote>\n<p>[\/et_pb_text][\/et_pb_column][et_pb_column type=&#8221;2_5&#8243; _builder_version=&#8221;4.16&#8243; _module_preset=&#8221;default&#8221; custom_padding_tablet=&#8221;|0px||0px|false|false&#8221; custom_padding_phone=&#8221;|0px||0px|false|false&#8221; custom_padding_last_edited=&#8221;on|phone&#8221; global_colors_info=&#8221;{}&#8221;][et_pb_image src=&#8221;https:\/\/deepadaptation.hu\/wp-content\/uploads\/2021\/12\/pexels-angela-roma-7479642-scaled.jpg&#8221; title_text=&#8221;pexels-angela-roma-7479642&#8243; align=&#8221;center&#8221; disabled_on=&#8221;off|off|off&#8221; _builder_version=&#8221;4.16&#8243; _module_preset=&#8221;default&#8221; module_alignment=&#8221;right&#8221; max_height=&#8221;450px&#8221; custom_margin=&#8221;||||false|false&#8221; custom_padding_tablet=&#8221;0px||0px||false|false&#8221; custom_padding_phone=&#8221;0px||0px||false|false&#8221; custom_padding_last_edited=&#8221;on|phone&#8221; module_alignment_tablet=&#8221;center&#8221; module_alignment_phone=&#8221;center&#8221; module_alignment_last_edited=&#8221;on|phone&#8221; global_colors_info=&#8221;{}&#8221;][\/et_pb_image][\/et_pb_column][\/et_pb_row][et_pb_row custom_padding_last_edited=&#8221;on|phone&#8221; _builder_version=&#8221;4.16&#8243; _module_preset=&#8221;default&#8221; module_alignment=&#8221;center&#8221; custom_padding=&#8221;||27px||false|false&#8221; custom_padding_tablet=&#8221;46px||||false|false&#8221; custom_padding_phone=&#8221;46px||||false|false&#8221; module_alignment_tablet=&#8221;center&#8221; module_alignment_phone=&#8221;center&#8221; module_alignment_last_edited=&#8221;on|phone&#8221; global_colors_info=&#8221;{}&#8221;][et_pb_column type=&#8221;4_4&#8243; _builder_version=&#8221;4.16&#8243; _module_preset=&#8221;default&#8221; global_colors_info=&#8221;{}&#8221;][et_pb_text _builder_version=&#8221;4.27.5&#8243; _module_preset=&#8221;default&#8221; header_font=&#8221;||||||||&#8221; header_2_font=&#8221;|||on|||||&#8221; header_2_font_size=&#8221;40px&#8221; header_3_font=&#8221;|700||on|||||&#8221; header_3_font_size=&#8221;20px&#8221; header_3_letter_spacing=&#8221;1px&#8221; header_3_line_height=&#8221;1.7em&#8221; text_font_size_tablet=&#8221;&#8221; text_font_size_phone=&#8221;16px&#8221; text_font_size_last_edited=&#8221;on|phone&#8221; text_line_height_tablet=&#8221;&#8221; text_line_height_phone=&#8221;1.8em&#8221; text_line_height_last_edited=&#8221;on|phone&#8221; global_colors_info=&#8221;{}&#8221;]<\/p>\n<h3>Concept<\/h3>\n<p>Deep Adaptation uses four core concepts \u2013 the <strong>4Rs<\/strong> \u2013 and the questions associated with them to outline the steps and challenges involved in the process of adaptation:<\/p>\n<ul>\n<li><strong>Resilience:<\/strong> What do we want to preserve, what do we truly value and wish to protect?<\/li>\n<li><strong>Relinquishment:<\/strong> What must we let go of in order to avoid causing further harm to ourselves or others?<\/li>\n<li><strong>Restoration:<\/strong> What needs to be brought back into our lives to help us face the difficulties ahead?<\/li>\n<li><strong>Reconciliation:<\/strong> Who or what do we need to make peace with once we fully recognise our own impermanence?<\/li>\n<\/ul>\n<h3><\/h3>\n<h3><\/h3>\n<h3>Supporting one another<\/h3>\n<p>Understanding and processing the possibility of collapse is an <strong>emotionally demanding process<\/strong>. One of the most important sources of support is finding the company of others who are facing similar questions. There is real relief in knowing <strong>we are not alone<\/strong> in being <strong>able to share our thoughts<\/strong> with people who can also exchange insight, experience, and understanding.<\/p>\n<h3><\/h3>\n<h3><\/h3>\n<h3>Thinking systemically<\/h3>\n<p>The four concepts above help us clarify <em><strong>what<\/strong><\/em> we are engaging with, while the Integral Matrix helps us see <em>in <strong>which dimension<\/strong><\/em> the work of preparation takes place: within ourselves or in relation to the world, individually or collectively. Used together, these frameworks offer a kind of map. If we place the right tasks, knowledge, and experience in the right context, we <strong>may be better able to face the future with greater steadiness<\/strong>.<\/p>\n<p>[\/et_pb_text][\/et_pb_column][\/et_pb_row][\/et_pb_section][et_pb_section fb_built=&#8221;1&#8243; custom_padding_last_edited=&#8221;on|phone&#8221; _builder_version=&#8221;4.16&#8243; _module_preset=&#8221;default&#8221; custom_margin=&#8221;0px||||false|false&#8221; custom_padding=&#8221;0px||40px||false|false&#8221; custom_padding_tablet=&#8221;0px||40px||false|false&#8221; custom_padding_phone=&#8221;0px||40px||false|false&#8221; global_colors_info=&#8221;{}&#8221;][et_pb_row column_structure=&#8221;1_3,1_3,1_3&#8243; _builder_version=&#8221;4.16&#8243; _module_preset=&#8221;default&#8221; custom_margin=&#8221;0px||||false|false&#8221; global_colors_info=&#8221;{}&#8221;][et_pb_column type=&#8221;1_3&#8243; _builder_version=&#8221;4.16&#8243; _module_preset=&#8221;default&#8221; global_colors_info=&#8221;{}&#8221;][et_pb_button button_url=&#8221;@ET-DC@eyJkeW5hbWljIjp0cnVlLCJjb250ZW50IjoicG9zdF9saW5rX3VybF9wYWdlIiwic2V0dGluZ3MiOnsicG9zdF9pZCI6IjY0NjkifX0=@&#8221; button_text=&#8221;Deep Adaptation&#8221; button_alignment=&#8221;center&#8221; button_alignment_tablet=&#8221;center&#8221; button_alignment_phone=&#8221;center&#8221; button_alignment_last_edited=&#8221;on|tablet&#8221; _builder_version=&#8221;4.27.5&#8243; _module_preset=&#8221;default&#8221; custom_button=&#8221;on&#8221; button_text_size=&#8221;20px&#8221; button_text_color=&#8221;#FFFFFF&#8221; button_bg_color=&#8221;#399c75&#8243; button_icon=&#8221;&#x35;||divi||400&#8243; button_icon_color=&#8221;#FFFFFF&#8221; background_layout=&#8221;dark&#8221; hover_enabled=&#8221;0&#8243; global_colors_info=&#8221;{}&#8221; _dynamic_attributes=&#8221;button_url&#8221; sticky_enabled=&#8221;0&#8243;][\/et_pb_button][\/et_pb_column][et_pb_column type=&#8221;1_3&#8243; _builder_version=&#8221;4.16&#8243; _module_preset=&#8221;default&#8221; global_colors_info=&#8221;{}&#8221;][et_pb_button button_url=&#8221;@ET-DC@eyJkeW5hbWljIjp0cnVlLCJjb250ZW50IjoicG9zdF9saW5rX3VybF9wYWdlIiwic2V0dGluZ3MiOnsicG9zdF9pZCI6IjY0ODMifX0=@&#8221; button_text=&#8221;The Integral Matrix&#8221; button_alignment=&#8221;center&#8221; button_alignment_tablet=&#8221;center&#8221; button_alignment_phone=&#8221;center&#8221; button_alignment_last_edited=&#8221;on|tablet&#8221; _builder_version=&#8221;4.27.5&#8243; _module_preset=&#8221;default&#8221; custom_button=&#8221;on&#8221; button_text_size=&#8221;20px&#8221; button_text_color=&#8221;#FFFFFF&#8221; button_bg_color=&#8221;#399c75&#8243; button_icon=&#8221;&#x35;||divi||400&#8243; button_icon_color=&#8221;#FFFFFF&#8221; background_layout=&#8221;dark&#8221; hover_enabled=&#8221;0&#8243; global_colors_info=&#8221;{}&#8221; _dynamic_attributes=&#8221;button_url&#8221; sticky_enabled=&#8221;0&#8243;][\/et_pb_button][\/et_pb_column][et_pb_column type=&#8221;1_3&#8243; _builder_version=&#8221;4.16&#8243; _module_preset=&#8221;default&#8221; global_colors_info=&#8221;{}&#8221;][et_pb_button button_url=&#8221;@ET-DC@eyJkeW5hbWljIjp0cnVlLCJjb250ZW50IjoicG9zdF9saW5rX3VybF9wYWdlIiwic2V0dGluZ3MiOnsicG9zdF9pZCI6IjY0ODkifX0=@&#8221; button_text=&#8221;Emerging Questions&#8221; button_alignment=&#8221;center&#8221; button_alignment_tablet=&#8221;center&#8221; button_alignment_phone=&#8221;center&#8221; button_alignment_last_edited=&#8221;on|tablet&#8221; _builder_version=&#8221;4.27.5&#8243; _module_preset=&#8221;default&#8221; custom_button=&#8221;on&#8221; button_text_size=&#8221;20px&#8221; button_text_color=&#8221;#FFFFFF&#8221; button_bg_color=&#8221;#399c75&#8243; button_icon=&#8221;&#x35;||divi||400&#8243; button_icon_color=&#8221;#FFFFFF&#8221; background_layout=&#8221;dark&#8221; hover_enabled=&#8221;0&#8243; global_colors_info=&#8221;{}&#8221; _dynamic_attributes=&#8221;button_url&#8221; sticky_enabled=&#8221;0&#8243;][\/et_pb_button][\/et_pb_column][\/et_pb_row][\/et_pb_section][et_pb_section fb_built=&#8221;1&#8243; _builder_version=&#8221;4.16&#8243; _module_preset=&#8221;default&#8221; background_color=&#8221;#002d18&#8243; custom_padding=&#8221;0px||0px||false|false&#8221; global_colors_info=&#8221;{}&#8221;][et_pb_row _builder_version=&#8221;4.16&#8243; _module_preset=&#8221;default&#8221; custom_padding=&#8221;||5px|||&#8221; global_colors_info=&#8221;{}&#8221;][et_pb_column type=&#8221;4_4&#8243; _builder_version=&#8221;4.16&#8243; _module_preset=&#8221;default&#8221; global_colors_info=&#8221;{}&#8221;][et_pb_text _builder_version=&#8221;4.27.5&#8243; _module_preset=&#8221;947274ce-9194-40d1-93a0-963b445da3bb&#8221; header_2_font=&#8221;Roboto Condensed||||||||&#8221; custom_padding=&#8221;5.6%|0%|5.6%|0%|true|true&#8221; custom_padding_tablet=&#8221;|0%||0%|true|true&#8221; custom_padding_phone=&#8221;|0%||0%|true|true&#8221; custom_padding_last_edited=&#8221;on|phone&#8221; global_colors_info=&#8221;{}&#8221;]<\/p>\n<p class=\"header-quote\">\u201cIt is not the strongest of the species that survives, nor the most intelligent, but the one most capable of adapting to change.\u201d<\/p>\n<p class=\"header-signature\"><em>Charles Darwin<br \/>\n<\/em><\/p>\n<p>[\/et_pb_text][\/et_pb_column][\/et_pb_row][\/et_pb_section]<\/p>\n","protected":false},"excerpt":{"rendered":"<p>The 4R Framework \u2026tasks that lie ahead in the complex process of adaptationOrigins In his 2018 paper, Professor Jem Bendell pointed out that the prevailing view among climate researchers and practitioners rests on the assumption that our current economic, social, and political systems are sufficiently resilient to adapt to immense challenges, and therefore continue largely [&hellip;]<\/p>\n","protected":false},"author":2,"featured_media":0,"parent":6469,"menu_order":0,"comment_status":"closed","ping_status":"closed","template":"","meta":{"_et_pb_use_builder":"on","_et_pb_old_content":"","_et_gb_content_width":"","footnotes":""},"class_list":["post-6478","page","type-page","status-publish","hentry"],"yoast_head":"<!-- This site is optimized with the Yoast SEO plugin v26.9 - https:\/\/yoast.com\/product\/yoast-seo-wordpress\/ -->\n<title>The 4R Framework - deepadaptation.hu<\/title>\n<meta name=\"robots\" content=\"index, follow, max-snippet:-1, max-image-preview:large, max-video-preview:-1\" \/>\n<link rel=\"canonical\" href=\"https:\/\/deepadaptation.hu\/en\/deep-adaptation\/the-4r-framework\/\" \/>\n<meta property=\"og:locale\" content=\"en_US\" \/>\n<meta property=\"og:type\" content=\"article\" \/>\n<meta property=\"og:title\" content=\"The 4R Framework - deepadaptation.hu\" \/>\n<meta property=\"og:description\" content=\"The 4R Framework \u2026tasks that lie ahead in the complex process of adaptationOrigins In his 2018 paper, Professor Jem Bendell pointed out that the prevailing view among climate researchers and practitioners rests on the assumption that our current economic, social, and political systems are sufficiently resilient to adapt to immense challenges, and therefore continue largely [&hellip;]\" \/>\n<meta property=\"og:url\" content=\"https:\/\/deepadaptation.hu\/en\/deep-adaptation\/the-4r-framework\/\" \/>\n<meta property=\"og:site_name\" content=\"deepadaptation.hu\" \/>\n<meta property=\"article:publisher\" content=\"https:\/\/www.facebook.com\/groups\/deepadaptationhungary\/\" \/>\n<meta property=\"article:modified_time\" content=\"2026-01-10T19:15:06+00:00\" \/>\n<meta property=\"og:image\" content=\"https:\/\/deepadaptation.hu\/wp-content\/uploads\/2022\/02\/rsz_da-logo.png\" \/>\n\t<meta property=\"og:image:width\" content=\"230\" \/>\n\t<meta property=\"og:image:height\" content=\"212\" \/>\n\t<meta property=\"og:image:type\" content=\"image\/png\" \/>\n<meta name=\"twitter:card\" content=\"summary_large_image\" \/>\n<script type=\"application\/ld+json\" class=\"yoast-schema-graph\">{\"@context\":\"https:\/\/schema.org\",\"@graph\":[{\"@type\":\"WebPage\",\"@id\":\"https:\/\/deepadaptation.hu\/en\/deep-adaptation\/the-4r-framework\/\",\"url\":\"https:\/\/deepadaptation.hu\/en\/deep-adaptation\/the-4r-framework\/\",\"name\":\"The 4R Framework - deepadaptation.hu\",\"isPartOf\":{\"@id\":\"https:\/\/deepadaptation.hu\/en\/#website\"},\"datePublished\":\"2022-01-17T21:46:11+00:00\",\"dateModified\":\"2026-01-10T19:15:06+00:00\",\"breadcrumb\":{\"@id\":\"https:\/\/deepadaptation.hu\/en\/deep-adaptation\/the-4r-framework\/#breadcrumb\"},\"inLanguage\":\"en-US\",\"potentialAction\":[{\"@type\":\"ReadAction\",\"target\":[\"https:\/\/deepadaptation.hu\/en\/deep-adaptation\/the-4r-framework\/\"]}]},{\"@type\":\"BreadcrumbList\",\"@id\":\"https:\/\/deepadaptation.hu\/en\/deep-adaptation\/the-4r-framework\/#breadcrumb\",\"itemListElement\":[{\"@type\":\"ListItem\",\"position\":1,\"name\":\"Kezd\u0151lap\",\"item\":\"https:\/\/deepadaptation.hu\/en\/\"},{\"@type\":\"ListItem\",\"position\":2,\"name\":\"Deep Adaptation\",\"item\":\"https:\/\/deepadaptation.hu\/en\/deep-adaptation\/\"},{\"@type\":\"ListItem\",\"position\":3,\"name\":\"The 4R Framework\"}]},{\"@type\":\"WebSite\",\"@id\":\"https:\/\/deepadaptation.hu\/en\/#website\",\"url\":\"https:\/\/deepadaptation.hu\/en\/\",\"name\":\"deepadaptation.hu\",\"description\":\"A m\u00e9lyalkalmazkod\u00e1s lehet\u0151s\u00e9gei Magyarorsz\u00e1gon a polikr\u00edzis kibontakoz\u00e1sa miatt miatt v\u00e1rhat\u00f3 t\u00e1rsadalmi \u00f6sszeoml\u00e1sra tekintettel.\",\"publisher\":{\"@id\":\"https:\/\/deepadaptation.hu\/en\/#organization\"},\"potentialAction\":[{\"@type\":\"SearchAction\",\"target\":{\"@type\":\"EntryPoint\",\"urlTemplate\":\"https:\/\/deepadaptation.hu\/en\/?s={search_term_string}\"},\"query-input\":{\"@type\":\"PropertyValueSpecification\",\"valueRequired\":true,\"valueName\":\"search_term_string\"}}],\"inLanguage\":\"en-US\"},{\"@type\":\"Organization\",\"@id\":\"https:\/\/deepadaptation.hu\/en\/#organization\",\"name\":\"Deep Adaptation Hungary\",\"url\":\"https:\/\/deepadaptation.hu\/en\/\",\"logo\":{\"@type\":\"ImageObject\",\"inLanguage\":\"en-US\",\"@id\":\"https:\/\/deepadaptation.hu\/en\/#\/schema\/logo\/image\/\",\"url\":\"https:\/\/deepadaptation.hu\/wp-content\/uploads\/2022\/02\/deepadaptation-hun.jpg\",\"contentUrl\":\"https:\/\/deepadaptation.hu\/wp-content\/uploads\/2022\/02\/deepadaptation-hun.jpg\",\"width\":1071,\"height\":291,\"caption\":\"Deep Adaptation Hungary\"},\"image\":{\"@id\":\"https:\/\/deepadaptation.hu\/en\/#\/schema\/logo\/image\/\"},\"sameAs\":[\"https:\/\/www.facebook.com\/groups\/deepadaptationhungary\/\",\"https:\/\/www.linkedin.com\/groups\/12625825\/\"]}]}<\/script>\n<!-- \/ Yoast SEO plugin. -->","yoast_head_json":{"title":"The 4R Framework - deepadaptation.hu","robots":{"index":"index","follow":"follow","max-snippet":"max-snippet:-1","max-image-preview":"max-image-preview:large","max-video-preview":"max-video-preview:-1"},"canonical":"https:\/\/deepadaptation.hu\/en\/deep-adaptation\/the-4r-framework\/","og_locale":"en_US","og_type":"article","og_title":"The 4R Framework - deepadaptation.hu","og_description":"The 4R Framework \u2026tasks that lie ahead in the complex process of adaptationOrigins In his 2018 paper, Professor Jem Bendell pointed out that the prevailing view among climate researchers and practitioners rests on the assumption that our current economic, social, and political systems are sufficiently resilient to adapt to immense challenges, and therefore continue largely [&hellip;]","og_url":"https:\/\/deepadaptation.hu\/en\/deep-adaptation\/the-4r-framework\/","og_site_name":"deepadaptation.hu","article_publisher":"https:\/\/www.facebook.com\/groups\/deepadaptationhungary\/","article_modified_time":"2026-01-10T19:15:06+00:00","og_image":[{"width":230,"height":212,"url":"https:\/\/deepadaptation.hu\/wp-content\/uploads\/2022\/02\/rsz_da-logo.png","type":"image\/png"}],"twitter_card":"summary_large_image","schema":{"@context":"https:\/\/schema.org","@graph":[{"@type":"WebPage","@id":"https:\/\/deepadaptation.hu\/en\/deep-adaptation\/the-4r-framework\/","url":"https:\/\/deepadaptation.hu\/en\/deep-adaptation\/the-4r-framework\/","name":"The 4R Framework - deepadaptation.hu","isPartOf":{"@id":"https:\/\/deepadaptation.hu\/en\/#website"},"datePublished":"2022-01-17T21:46:11+00:00","dateModified":"2026-01-10T19:15:06+00:00","breadcrumb":{"@id":"https:\/\/deepadaptation.hu\/en\/deep-adaptation\/the-4r-framework\/#breadcrumb"},"inLanguage":"en-US","potentialAction":[{"@type":"ReadAction","target":["https:\/\/deepadaptation.hu\/en\/deep-adaptation\/the-4r-framework\/"]}]},{"@type":"BreadcrumbList","@id":"https:\/\/deepadaptation.hu\/en\/deep-adaptation\/the-4r-framework\/#breadcrumb","itemListElement":[{"@type":"ListItem","position":1,"name":"Kezd\u0151lap","item":"https:\/\/deepadaptation.hu\/en\/"},{"@type":"ListItem","position":2,"name":"Deep Adaptation","item":"https:\/\/deepadaptation.hu\/en\/deep-adaptation\/"},{"@type":"ListItem","position":3,"name":"The 4R Framework"}]},{"@type":"WebSite","@id":"https:\/\/deepadaptation.hu\/en\/#website","url":"https:\/\/deepadaptation.hu\/en\/","name":"deepadaptation.hu","description":"A m\u00e9lyalkalmazkod\u00e1s lehet\u0151s\u00e9gei Magyarorsz\u00e1gon a polikr\u00edzis kibontakoz\u00e1sa miatt miatt v\u00e1rhat\u00f3 t\u00e1rsadalmi \u00f6sszeoml\u00e1sra tekintettel.","publisher":{"@id":"https:\/\/deepadaptation.hu\/en\/#organization"},"potentialAction":[{"@type":"SearchAction","target":{"@type":"EntryPoint","urlTemplate":"https:\/\/deepadaptation.hu\/en\/?s={search_term_string}"},"query-input":{"@type":"PropertyValueSpecification","valueRequired":true,"valueName":"search_term_string"}}],"inLanguage":"en-US"},{"@type":"Organization","@id":"https:\/\/deepadaptation.hu\/en\/#organization","name":"Deep Adaptation Hungary","url":"https:\/\/deepadaptation.hu\/en\/","logo":{"@type":"ImageObject","inLanguage":"en-US","@id":"https:\/\/deepadaptation.hu\/en\/#\/schema\/logo\/image\/","url":"https:\/\/deepadaptation.hu\/wp-content\/uploads\/2022\/02\/deepadaptation-hun.jpg","contentUrl":"https:\/\/deepadaptation.hu\/wp-content\/uploads\/2022\/02\/deepadaptation-hun.jpg","width":1071,"height":291,"caption":"Deep Adaptation Hungary"},"image":{"@id":"https:\/\/deepadaptation.hu\/en\/#\/schema\/logo\/image\/"},"sameAs":["https:\/\/www.facebook.com\/groups\/deepadaptationhungary\/","https:\/\/www.linkedin.com\/groups\/12625825\/"]}]}},"_links":{"self":[{"href":"https:\/\/deepadaptation.hu\/en\/wp-json\/wp\/v2\/pages\/6478","targetHints":{"allow":["GET"]}}],"collection":[{"href":"https:\/\/deepadaptation.hu\/en\/wp-json\/wp\/v2\/pages"}],"about":[{"href":"https:\/\/deepadaptation.hu\/en\/wp-json\/wp\/v2\/types\/page"}],"author":[{"embeddable":true,"href":"https:\/\/deepadaptation.hu\/en\/wp-json\/wp\/v2\/users\/2"}],"replies":[{"embeddable":true,"href":"https:\/\/deepadaptation.hu\/en\/wp-json\/wp\/v2\/comments?post=6478"}],"version-history":[{"count":5,"href":"https:\/\/deepadaptation.hu\/en\/wp-json\/wp\/v2\/pages\/6478\/revisions"}],"predecessor-version":[{"id":6971,"href":"https:\/\/deepadaptation.hu\/en\/wp-json\/wp\/v2\/pages\/6478\/revisions\/6971"}],"up":[{"embeddable":true,"href":"https:\/\/deepadaptation.hu\/en\/wp-json\/wp\/v2\/pages\/6469"}],"wp:attachment":[{"href":"https:\/\/deepadaptation.hu\/en\/wp-json\/wp\/v2\/media?parent=6478"}],"curies":[{"name":"wp","href":"https:\/\/api.w.org\/{rel}","templated":true}]}}