{"id":6494,"date":"2021-10-25T14:07:21","date_gmt":"2021-10-25T12:07:21","guid":{"rendered":"https:\/\/deepadaptation.hu\/ellenallokepesseg\/"},"modified":"2026-01-10T20:20:20","modified_gmt":"2026-01-10T19:20:20","slug":"resilience","status":"publish","type":"page","link":"https:\/\/deepadaptation.hu\/en\/resilience\/","title":{"rendered":"Resilience"},"content":{"rendered":"<p>[et_pb_section fb_built=&#8221;1&#8243; _builder_version=&#8221;4.16&#8243; use_background_color_gradient=&#8221;on&#8221; background_color_gradient_direction=&#8221;45deg&#8221; background_color_gradient_stops=&#8221;rgba(29,38,0,0.85) 0%|rgba(29,38,0,0) 100%&#8221; background_color_gradient_overlays_image=&#8221;on&#8221; background_color_gradient_start=&#8221;rgba(29,38,0,0.85)&#8221; background_color_gradient_end=&#8221;rgba(29,38,0,0)&#8221; background_image=&#8221;https:\/\/deepadaptation.hu\/wp-content\/uploads\/2021\/12\/pexels-jess-loiterton-4321935-scaled.jpg&#8221; custom_padding=&#8221;6vw|0px|6vw|0px|true|false&#8221; global_colors_info=&#8221;{}&#8221;][et_pb_row use_custom_gutter=&#8221;on&#8221; gutter_width=&#8221;1&#8243; _builder_version=&#8221;4.16&#8243; module_alignment=&#8221;left&#8221; global_colors_info=&#8221;{}&#8221;][et_pb_column type=&#8221;4_4&#8243; _builder_version=&#8221;4.16&#8243; background_color=&#8221;rgba(0,0,0,0.69)&#8221; custom_padding=&#8221;|||&#8221; global_colors_info=&#8221;{}&#8221; custom_padding__hover=&#8221;|||&#8221;][et_pb_text _builder_version=&#8221;4.27.5&#8243; _module_preset=&#8221;947274ce-9194-40d1-93a0-963b445da3bb&#8221; locked=&#8221;off&#8221; global_colors_info=&#8221;{}&#8221;]<\/p>\n<h1>Resilience<\/h1>\n<p class=\"header-quote\">\u201cIn the shadow of unpredictable climate change, ecological collapse, and economic uncertainty, <strong><span class=\"header-quote-green\">building resilient communities has become more important than ever.<\/span><\/strong>\u201d<\/p>\n<p class=\"header-signature\"><em>Lesley Gillett<br \/><\/em><\/p>\n<p>[\/et_pb_text][\/et_pb_column][\/et_pb_row][\/et_pb_section][et_pb_section fb_built=&#8221;1&#8243; custom_padding_last_edited=&#8221;on|phone&#8221; admin_label=&#8221;About&#8221; _builder_version=&#8221;4.16&#8243; background_enable_image=&#8221;off&#8221; background_size=&#8221;initial&#8221; background_position=&#8221;top_left&#8221; custom_padding=&#8221;||0px||false|false&#8221; custom_padding_tablet=&#8221;40px||||false|false&#8221; custom_padding_phone=&#8221;40px||0px||false|false&#8221; global_colors_info=&#8221;{}&#8221;][et_pb_row column_structure=&#8221;1_2,1_2&#8243; _builder_version=&#8221;4.16&#8243; custom_padding=&#8221;27px|0px|0|0px|false|false&#8221; locked=&#8221;off&#8221; global_colors_info=&#8221;{}&#8221;][et_pb_column type=&#8221;1_2&#8243; _builder_version=&#8221;4.16&#8243; custom_padding=&#8221;|||&#8221; global_colors_info=&#8221;{}&#8221; custom_padding__hover=&#8221;|||&#8221;][et_pb_text _builder_version=&#8221;4.27.5&#8243; text_font=&#8221;||||||||&#8221; text_line_height=&#8221;1.9em&#8221; header_font=&#8221;||||||||&#8221; header_2_font=&#8221;Roboto Condensed|700||on|||||&#8221; header_2_line_height=&#8221;1.5em&#8221; header_3_font=&#8221;|700||on|||||&#8221; header_3_font_size=&#8221;20px&#8221; header_3_letter_spacing=&#8221;1px&#8221; header_3_line_height=&#8221;1.7em&#8221; custom_margin=&#8221;||0px||false|false&#8221; custom_margin_tablet=&#8221;||0px||false|false&#8221; custom_margin_phone=&#8221;||0px||false|false&#8221; custom_margin_last_edited=&#8221;on|phone&#8221; custom_padding_tablet=&#8221;&#8221; custom_padding_phone=&#8221;|10px||10px|false|true&#8221; custom_padding_last_edited=&#8221;on|phone&#8221; text_font_size_tablet=&#8221;&#8221; text_font_size_phone=&#8221;16px&#8221; text_font_size_last_edited=&#8221;on|phone&#8221; header_2_font_size_tablet=&#8221;24px&#8221; header_2_font_size_phone=&#8221;20px&#8221; header_2_font_size_last_edited=&#8221;on|phone&#8221; header_2_line_height_tablet=&#8221;1.5em&#8221; header_2_line_height_phone=&#8221;1.5em&#8221; header_2_line_height_last_edited=&#8221;on|phone&#8221; locked=&#8221;off&#8221; global_colors_info=&#8221;{}&#8221;]<\/p>\n<h2><strong>Resilience<\/strong><\/h2>\n<p>Deep Adaptation is a resource that helps individuals and communities <strong>understand the disruptive changes <\/strong>unfolding within Earth\u2019s systems \u2013 and <strong>the existential risks<\/strong> these changes create.<\/p>\n<p><strong>Resilience<\/strong>, or <strong>adaptive capacity<\/strong>, is a highly complex subject. Here, we aim to make it more accessible and meaningful through three complementary elements:<\/p>\n<ul>\n<li><strong><em>Dialogue<\/em><\/strong><strong>:<\/strong> Deepening our understanding of the threats ahead, while offering support for the difficult conversations they demand.<\/li>\n<li><strong><em>Assessment<\/em><\/strong><strong>:<\/strong> A set of 100 questions rooted in everyday life, designed to help evaluate the current resilience of a household.<\/li>\n<li><strong><em>Action<\/em><\/strong><strong>:<\/strong> A progressive action plan that supports the strengthening of both personal and community resilience.<\/li>\n<\/ul>\n<p>&nbsp;<\/p>\n<p>[\/et_pb_text][et_pb_text _builder_version=&#8221;4.27.5&#8243; text_font=&#8221;||||||||&#8221; text_line_height=&#8221;1.9em&#8221; header_font=&#8221;||||||||&#8221; header_3_font=&#8221;|700||on|||||&#8221; header_3_letter_spacing=&#8221;1px&#8221; header_3_line_height=&#8221;1.5em&#8221; header_4_font=&#8221;Roboto Condensed|||on|||||&#8221; header_4_font_size=&#8221;20px&#8221; header_4_line_height=&#8221;1.5em&#8221; custom_margin=&#8221;||0px||false|false&#8221; custom_padding=&#8221;||0px||false|false&#8221; custom_padding_tablet=&#8221;&#8221; custom_padding_phone=&#8221;|10px||10px|false|true&#8221; custom_padding_last_edited=&#8221;on|phone&#8221; text_font_size_tablet=&#8221;&#8221; text_font_size_phone=&#8221;16px&#8221; text_font_size_last_edited=&#8221;on|phone&#8221; header_3_font_size_tablet=&#8221;22px&#8221; header_3_font_size_phone=&#8221;20px&#8221; header_3_font_size_last_edited=&#8221;on|phone&#8221; header_4_font_size_tablet=&#8221;20px&#8221; header_4_font_size_phone=&#8221;20px&#8221; header_4_font_size_last_edited=&#8221;on|desktop&#8221; header_4_line_height_tablet=&#8221;1.5em&#8221; header_4_line_height_phone=&#8221;1.5em&#8221; header_4_line_height_last_edited=&#8221;on|phone&#8221; locked=&#8221;off&#8221; global_colors_info=&#8221;{}&#8221;]<\/p>\n<h3>An attainable goal<\/h3>\n<h4>Vision<\/h4>\n<p>To enable as many families, households, and communities as possible to function in a <strong>more sustainable and resilient way<\/strong> \u2013 even as the systems that shape our lives (climate, nature, society, economy) move through processes of breakdown.<\/p>\n<h4>Mission<\/h4>\n<p>To provide the knowledge and support people need to engage in honest, meaningful conversations about the future ahead \u2013 and to do everything they can to <strong>reduce the harmful impacts <\/strong>on their lives<strong> to the lowest possible level<\/strong>.<\/p>\n<h3>In three steps<\/h3>\n<h4>Dialogue<\/h4>\n<p>Providing background knowledge for meaningful conversations with family, friends, and colleagues \u2013 about <strong>how we ended up here<\/strong>, why acknowledging the gravity of our situation is so difficult and time-consuming, and <strong>what it means for our personal lives<\/strong> if the most severe scenarios unfold.<\/p>\n<h4>Assessment<\/h4>\n<p>A 100-question survey measuring your <strong>household\u2019s current level of resilience<\/strong> across 12 areas of life. The results not only reveal your present situation, but also offer <strong>clear reference points for strengthening resilience<\/strong> through the Action phase.<\/p>\n<h4>Action<\/h4>\n<p>A 10-step action plan to <strong>build personal and community resilience<\/strong> \u2013 from improving the outcomes identified in the Assessment to <strong>developing networks with like-minded communities<\/strong>.<\/p>\n<p>[\/et_pb_text][\/et_pb_column][et_pb_column type=&#8221;1_2&#8243; _builder_version=&#8221;4.16&#8243; custom_padding=&#8221;|||&#8221; global_colors_info=&#8221;{}&#8221; custom_padding__hover=&#8221;|||&#8221;][et_pb_image src=&#8221;https:\/\/deepadaptation.hu\/wp-content\/uploads\/2021\/12\/pexels-ron-lach-8736742-scaled.jpg&#8221; title_text=&#8221;pexels-ron-lach-8736742&#8243; align_tablet=&#8221;center&#8221; align_phone=&#8221;&#8221; align_last_edited=&#8221;on|desktop&#8221; _builder_version=&#8221;4.16&#8243; max_width=&#8221;510px&#8221; module_alignment=&#8221;center&#8221; custom_margin=&#8221;||0px|&#8221; animation_direction=&#8221;top&#8221; global_colors_info=&#8221;{}&#8221;][\/et_pb_image][et_pb_text _builder_version=&#8221;4.27.5&#8243; text_font=&#8221;||||||||&#8221; text_line_height=&#8221;1.9em&#8221; header_font=&#8221;||||||||&#8221; header_2_font=&#8221;Roboto Condensed|700||on|||||&#8221; header_2_font_size=&#8221;20px&#8221; header_2_letter_spacing=&#8221;1px&#8221; header_2_line_height=&#8221;1.5em&#8221; header_3_font=&#8221;|700||on|||||&#8221; header_3_font_size=&#8221;20px&#8221; header_3_letter_spacing=&#8221;1px&#8221; header_3_line_height=&#8221;1.7em&#8221; custom_margin=&#8221;50px||||false|false&#8221; custom_margin_tablet=&#8221;&#8221; custom_margin_phone=&#8221;&#8221; custom_margin_last_edited=&#8221;on|phone&#8221; custom_padding=&#8221;3%|3%|3%|3%|true|true&#8221; custom_padding_tablet=&#8221;3%|3%|3%|3%|true|true&#8221; custom_padding_phone=&#8221;3%|3%|3%|3%|true|true&#8221; custom_padding_last_edited=&#8221;on|phone&#8221; text_font_size_tablet=&#8221;&#8221; text_font_size_phone=&#8221;16px&#8221; text_font_size_last_edited=&#8221;on|phone&#8221; header_2_font_size_tablet=&#8221;20px&#8221; header_2_font_size_phone=&#8221;20px&#8221; header_2_font_size_last_edited=&#8221;on|desktop&#8221; border_radii=&#8221;on|5px|5px|5px|5px&#8221; border_width_all=&#8221;2px&#8221; border_color_all=&#8221;#399c75&#8243; global_colors_info=&#8221;{}&#8221;]<\/p>\n<h2>Important notice<\/h2>\n<p>The possibility of <strong>systemic collapse<\/strong> is a highly <strong>complex and contested topic<\/strong>. As structured, well-researched material on this subject remains limited the following collection aims to introduce readers to the <strong>key concepts and ideas shaping our understanding of collapse<\/strong> as a process.<\/p>\n<p>Engaging deeply with this material may, at times, affect emotional wellbeing. <strong>Anxiety and depression are common responses when exploring the possibility of collapse<\/strong>. It is important to maintain perspective \u2013 both on the subject and on ourselves. If you <strong>notice signs of depression in yourself or others<\/strong> that feel difficult to manage, please <strong>seek support from a qualified professional<\/strong>.<\/p>\n<p>[\/et_pb_text][\/et_pb_column][\/et_pb_row][\/et_pb_section][et_pb_section fb_built=&#8221;1&#8243; custom_padding_last_edited=&#8221;on|desktop&#8221; _builder_version=&#8221;4.16&#8243; _module_preset=&#8221;default&#8221; custom_padding=&#8221;18px||38px||false|false&#8221; custom_padding_tablet=&#8221;22px||||false|false&#8221; custom_padding_phone=&#8221;22px||||false|false&#8221; global_colors_info=&#8221;{}&#8221;][et_pb_row column_structure=&#8221;1_3,1_3,1_3&#8243; _builder_version=&#8221;4.16&#8243; _module_preset=&#8221;default&#8221; global_colors_info=&#8221;{}&#8221;][et_pb_column type=&#8221;1_3&#8243; _builder_version=&#8221;4.16&#8243; _module_preset=&#8221;default&#8221; global_colors_info=&#8221;{}&#8221;][et_pb_button button_url=&#8221;@ET-DC@eyJkeW5hbWljIjp0cnVlLCJjb250ZW50IjoicG9zdF9saW5rX3VybF9wYWdlIiwic2V0dGluZ3MiOnsicG9zdF9pZCI6IjY1OTEifX0=@&#8221; button_text=&#8221;Dialogue&#8221; button_alignment=&#8221;center&#8221; _builder_version=&#8221;4.27.5&#8243; _module_preset=&#8221;default&#8221; custom_button=&#8221;on&#8221; button_text_size=&#8221;20px&#8221; button_text_color=&#8221;#FFFFFF&#8221; button_bg_color=&#8221;#399c75&#8243; button_icon=&#8221;&#x35;||divi||400&#8243; background_layout=&#8221;dark&#8221; hover_enabled=&#8221;0&#8243; global_colors_info=&#8221;{}&#8221; _dynamic_attributes=&#8221;button_url&#8221; sticky_enabled=&#8221;0&#8243;][\/et_pb_button][\/et_pb_column][et_pb_column type=&#8221;1_3&#8243; _builder_version=&#8221;4.16&#8243; _module_preset=&#8221;default&#8221; global_colors_info=&#8221;{}&#8221;][et_pb_button button_url=&#8221;@ET-DC@eyJkeW5hbWljIjp0cnVlLCJjb250ZW50IjoicG9zdF9saW5rX3VybF9wYWdlIiwic2V0dGluZ3MiOnsicG9zdF9pZCI6IjY2ODAifX0=@&#8221; button_text=&#8221;Assessment&#8221; button_alignment=&#8221;center&#8221; _builder_version=&#8221;4.27.5&#8243; _module_preset=&#8221;default&#8221; custom_button=&#8221;on&#8221; button_text_size=&#8221;20px&#8221; button_text_color=&#8221;#FFFFFF&#8221; button_bg_color=&#8221;#399c75&#8243; button_icon=&#8221;&#x35;||divi||400&#8243; background_layout=&#8221;dark&#8221; hover_enabled=&#8221;0&#8243; global_colors_info=&#8221;{}&#8221; _dynamic_attributes=&#8221;button_url&#8221; sticky_enabled=&#8221;0&#8243;][\/et_pb_button][\/et_pb_column][et_pb_column type=&#8221;1_3&#8243; _builder_version=&#8221;4.16&#8243; _module_preset=&#8221;default&#8221; global_colors_info=&#8221;{}&#8221;][et_pb_button button_url=&#8221;@ET-DC@eyJkeW5hbWljIjp0cnVlLCJjb250ZW50IjoicG9zdF9saW5rX3VybF9wYWdlIiwic2V0dGluZ3MiOnsicG9zdF9pZCI6IjY5MTMifX0=@&#8221; button_text=&#8221;Action&#8221; button_alignment=&#8221;center&#8221; _builder_version=&#8221;4.27.5&#8243; _module_preset=&#8221;default&#8221; custom_button=&#8221;on&#8221; button_text_size=&#8221;20px&#8221; button_text_color=&#8221;#FFFFFF&#8221; button_bg_color=&#8221;#399c75&#8243; button_icon=&#8221;&#x35;||divi||400&#8243; background_layout=&#8221;dark&#8221; hover_enabled=&#8221;0&#8243; global_colors_info=&#8221;{}&#8221; _dynamic_attributes=&#8221;button_url&#8221; sticky_enabled=&#8221;0&#8243;][\/et_pb_button][\/et_pb_column][\/et_pb_row][\/et_pb_section][et_pb_section fb_built=&#8221;1&#8243; custom_padding_last_edited=&#8221;on|desktop&#8221; _builder_version=&#8221;4.16&#8243; _module_preset=&#8221;default&#8221; background_color=&#8221;#002d18&#8243; custom_padding=&#8221;0px||0px||false|false&#8221; custom_padding_tablet=&#8221;4%|4%|4%|4%|true|true&#8221; custom_padding_phone=&#8221;2%|0%|2%|0%|true|true&#8221; global_colors_info=&#8221;{}&#8221;][et_pb_row _builder_version=&#8221;4.16&#8243; _module_preset=&#8221;default&#8221; custom_padding=&#8221;||5px|||&#8221; global_colors_info=&#8221;{}&#8221;][et_pb_column type=&#8221;4_4&#8243; _builder_version=&#8221;4.16&#8243; _module_preset=&#8221;default&#8221; global_colors_info=&#8221;{}&#8221;][et_pb_text _builder_version=&#8221;4.27.5&#8243; _module_preset=&#8221;947274ce-9194-40d1-93a0-963b445da3bb&#8221; header_2_font=&#8221;Roboto Condensed||||||||&#8221; custom_padding=&#8221;5.6%|0%|5.6%|0%|true|true&#8221; custom_padding_tablet=&#8221;|0%||0%|true|true&#8221; custom_padding_phone=&#8221;|0%||0%|true|true&#8221; custom_padding_last_edited=&#8221;on|phone&#8221; global_colors_info=&#8221;{}&#8221;]<\/p>\n<p class=\"header-quote\">\u201cThose who live in the greatest harmony are those who value one another and their relationships most deeply. Those who live active, fulfilled lives remain continually inspired by what life has to offer.\u201d<\/p>\n<p class=\"header-signature\"><em>Andrew Matthews<br \/>\n<\/em><\/p>\n<p>[\/et_pb_text][\/et_pb_column][\/et_pb_row][\/et_pb_section]<\/p>\n","protected":false},"excerpt":{"rendered":"<p>Resilience \u201cIn the shadow of unpredictable climate change, ecological collapse, and economic uncertainty, building resilient communities has become more important than ever.\u201d Lesley GillettResilience Deep Adaptation is a resource that helps individuals and communities understand the disruptive changes unfolding within Earth\u2019s systems \u2013 and the existential risks these changes create. Resilience, or adaptive capacity, is [&hellip;]<\/p>\n","protected":false},"author":2,"featured_media":0,"parent":0,"menu_order":0,"comment_status":"closed","ping_status":"closed","template":"","meta":{"_et_pb_use_builder":"on","_et_pb_old_content":"","_et_gb_content_width":"","footnotes":""},"class_list":["post-6494","page","type-page","status-publish","hentry"],"yoast_head":"<!-- This site is optimized with the Yoast SEO plugin v26.9 - https:\/\/yoast.com\/product\/yoast-seo-wordpress\/ -->\n<title>Resilience - deepadaptation.hu<\/title>\n<meta name=\"description\" content=\"A kisz\u00e1m\u00edthatatlan \u00e9ghajlatv\u00e1ltoz\u00e1s, az \u00f6kol\u00f3giai \u00f6sszeoml\u00e1s \u00e9s a gazdas\u00e1gi bizonytalans\u00e1g \u00e1rny\u00e9k\u00e1ban, a j\u00f3 ellen\u00e1ll\u00f3k\u00e9pess\u00e9g\u0171 k\u00f6z\u00f6ss\u00e9gek megteremt\u00e9se m\u00e1ra fontosabb\u00e1 v\u00e1lt, mint valaha.\" \/>\n<meta name=\"robots\" content=\"index, follow, max-snippet:-1, max-image-preview:large, max-video-preview:-1\" \/>\n<link rel=\"canonical\" href=\"https:\/\/deepadaptation.hu\/en\/resilience\/\" \/>\n<meta property=\"og:locale\" content=\"en_US\" \/>\n<meta property=\"og:type\" content=\"article\" \/>\n<meta property=\"og:title\" content=\"Resilience - deepadaptation.hu\" \/>\n<meta property=\"og:description\" content=\"A kisz\u00e1m\u00edthatatlan \u00e9ghajlatv\u00e1ltoz\u00e1s, az \u00f6kol\u00f3giai \u00f6sszeoml\u00e1s \u00e9s a gazdas\u00e1gi bizonytalans\u00e1g \u00e1rny\u00e9k\u00e1ban, a j\u00f3 ellen\u00e1ll\u00f3k\u00e9pess\u00e9g\u0171 k\u00f6z\u00f6ss\u00e9gek megteremt\u00e9se m\u00e1ra fontosabb\u00e1 v\u00e1lt, mint valaha.\" \/>\n<meta property=\"og:url\" content=\"https:\/\/deepadaptation.hu\/en\/resilience\/\" \/>\n<meta property=\"og:site_name\" content=\"deepadaptation.hu\" \/>\n<meta property=\"article:publisher\" content=\"https:\/\/www.facebook.com\/groups\/deepadaptationhungary\/\" \/>\n<meta property=\"article:modified_time\" content=\"2026-01-10T19:20:20+00:00\" \/>\n<meta property=\"og:image\" content=\"https:\/\/deepadaptation.hu\/wp-content\/uploads\/2022\/02\/rsz_da-logo.png\" \/>\n\t<meta property=\"og:image:width\" content=\"230\" \/>\n\t<meta property=\"og:image:height\" content=\"212\" \/>\n\t<meta property=\"og:image:type\" content=\"image\/png\" \/>\n<meta name=\"twitter:card\" content=\"summary_large_image\" \/>\n<meta name=\"twitter:label1\" content=\"Est. reading time\" \/>\n\t<meta name=\"twitter:data1\" content=\"21 minutes\" \/>\n<script type=\"application\/ld+json\" class=\"yoast-schema-graph\">{\"@context\":\"https:\/\/schema.org\",\"@graph\":[{\"@type\":\"WebPage\",\"@id\":\"https:\/\/deepadaptation.hu\/en\/resilience\/\",\"url\":\"https:\/\/deepadaptation.hu\/en\/resilience\/\",\"name\":\"Resilience - deepadaptation.hu\",\"isPartOf\":{\"@id\":\"https:\/\/deepadaptation.hu\/en\/#website\"},\"datePublished\":\"2021-10-25T12:07:21+00:00\",\"dateModified\":\"2026-01-10T19:20:20+00:00\",\"description\":\"A kisz\u00e1m\u00edthatatlan \u00e9ghajlatv\u00e1ltoz\u00e1s, az \u00f6kol\u00f3giai \u00f6sszeoml\u00e1s \u00e9s a gazdas\u00e1gi bizonytalans\u00e1g \u00e1rny\u00e9k\u00e1ban, a j\u00f3 ellen\u00e1ll\u00f3k\u00e9pess\u00e9g\u0171 k\u00f6z\u00f6ss\u00e9gek megteremt\u00e9se m\u00e1ra fontosabb\u00e1 v\u00e1lt, mint valaha.\",\"breadcrumb\":{\"@id\":\"https:\/\/deepadaptation.hu\/en\/resilience\/#breadcrumb\"},\"inLanguage\":\"en-US\",\"potentialAction\":[{\"@type\":\"ReadAction\",\"target\":[\"https:\/\/deepadaptation.hu\/en\/resilience\/\"]}]},{\"@type\":\"BreadcrumbList\",\"@id\":\"https:\/\/deepadaptation.hu\/en\/resilience\/#breadcrumb\",\"itemListElement\":[{\"@type\":\"ListItem\",\"position\":1,\"name\":\"Kezd\u0151lap\",\"item\":\"https:\/\/deepadaptation.hu\/en\/\"},{\"@type\":\"ListItem\",\"position\":2,\"name\":\"Resilience\"}]},{\"@type\":\"WebSite\",\"@id\":\"https:\/\/deepadaptation.hu\/en\/#website\",\"url\":\"https:\/\/deepadaptation.hu\/en\/\",\"name\":\"deepadaptation.hu\",\"description\":\"A m\u00e9lyalkalmazkod\u00e1s lehet\u0151s\u00e9gei Magyarorsz\u00e1gon a polikr\u00edzis kibontakoz\u00e1sa miatt miatt v\u00e1rhat\u00f3 t\u00e1rsadalmi \u00f6sszeoml\u00e1sra tekintettel.\",\"publisher\":{\"@id\":\"https:\/\/deepadaptation.hu\/en\/#organization\"},\"potentialAction\":[{\"@type\":\"SearchAction\",\"target\":{\"@type\":\"EntryPoint\",\"urlTemplate\":\"https:\/\/deepadaptation.hu\/en\/?s={search_term_string}\"},\"query-input\":{\"@type\":\"PropertyValueSpecification\",\"valueRequired\":true,\"valueName\":\"search_term_string\"}}],\"inLanguage\":\"en-US\"},{\"@type\":\"Organization\",\"@id\":\"https:\/\/deepadaptation.hu\/en\/#organization\",\"name\":\"Deep Adaptation Hungary\",\"url\":\"https:\/\/deepadaptation.hu\/en\/\",\"logo\":{\"@type\":\"ImageObject\",\"inLanguage\":\"en-US\",\"@id\":\"https:\/\/deepadaptation.hu\/en\/#\/schema\/logo\/image\/\",\"url\":\"https:\/\/deepadaptation.hu\/wp-content\/uploads\/2022\/02\/deepadaptation-hun.jpg\",\"contentUrl\":\"https:\/\/deepadaptation.hu\/wp-content\/uploads\/2022\/02\/deepadaptation-hun.jpg\",\"width\":1071,\"height\":291,\"caption\":\"Deep Adaptation Hungary\"},\"image\":{\"@id\":\"https:\/\/deepadaptation.hu\/en\/#\/schema\/logo\/image\/\"},\"sameAs\":[\"https:\/\/www.facebook.com\/groups\/deepadaptationhungary\/\",\"https:\/\/www.linkedin.com\/groups\/12625825\/\"]}]}<\/script>\n<!-- \/ Yoast SEO plugin. -->","yoast_head_json":{"title":"Resilience - deepadaptation.hu","description":"A kisz\u00e1m\u00edthatatlan \u00e9ghajlatv\u00e1ltoz\u00e1s, az \u00f6kol\u00f3giai \u00f6sszeoml\u00e1s \u00e9s a gazdas\u00e1gi bizonytalans\u00e1g \u00e1rny\u00e9k\u00e1ban, a j\u00f3 ellen\u00e1ll\u00f3k\u00e9pess\u00e9g\u0171 k\u00f6z\u00f6ss\u00e9gek megteremt\u00e9se m\u00e1ra fontosabb\u00e1 v\u00e1lt, mint valaha.","robots":{"index":"index","follow":"follow","max-snippet":"max-snippet:-1","max-image-preview":"max-image-preview:large","max-video-preview":"max-video-preview:-1"},"canonical":"https:\/\/deepadaptation.hu\/en\/resilience\/","og_locale":"en_US","og_type":"article","og_title":"Resilience - deepadaptation.hu","og_description":"A kisz\u00e1m\u00edthatatlan \u00e9ghajlatv\u00e1ltoz\u00e1s, az \u00f6kol\u00f3giai \u00f6sszeoml\u00e1s \u00e9s a gazdas\u00e1gi bizonytalans\u00e1g \u00e1rny\u00e9k\u00e1ban, a j\u00f3 ellen\u00e1ll\u00f3k\u00e9pess\u00e9g\u0171 k\u00f6z\u00f6ss\u00e9gek megteremt\u00e9se m\u00e1ra fontosabb\u00e1 v\u00e1lt, mint valaha.","og_url":"https:\/\/deepadaptation.hu\/en\/resilience\/","og_site_name":"deepadaptation.hu","article_publisher":"https:\/\/www.facebook.com\/groups\/deepadaptationhungary\/","article_modified_time":"2026-01-10T19:20:20+00:00","og_image":[{"width":230,"height":212,"url":"https:\/\/deepadaptation.hu\/wp-content\/uploads\/2022\/02\/rsz_da-logo.png","type":"image\/png"}],"twitter_card":"summary_large_image","twitter_misc":{"Est. reading time":"21 minutes"},"schema":{"@context":"https:\/\/schema.org","@graph":[{"@type":"WebPage","@id":"https:\/\/deepadaptation.hu\/en\/resilience\/","url":"https:\/\/deepadaptation.hu\/en\/resilience\/","name":"Resilience - deepadaptation.hu","isPartOf":{"@id":"https:\/\/deepadaptation.hu\/en\/#website"},"datePublished":"2021-10-25T12:07:21+00:00","dateModified":"2026-01-10T19:20:20+00:00","description":"A kisz\u00e1m\u00edthatatlan \u00e9ghajlatv\u00e1ltoz\u00e1s, az \u00f6kol\u00f3giai \u00f6sszeoml\u00e1s \u00e9s a gazdas\u00e1gi bizonytalans\u00e1g \u00e1rny\u00e9k\u00e1ban, a j\u00f3 ellen\u00e1ll\u00f3k\u00e9pess\u00e9g\u0171 k\u00f6z\u00f6ss\u00e9gek megteremt\u00e9se m\u00e1ra fontosabb\u00e1 v\u00e1lt, mint valaha.","breadcrumb":{"@id":"https:\/\/deepadaptation.hu\/en\/resilience\/#breadcrumb"},"inLanguage":"en-US","potentialAction":[{"@type":"ReadAction","target":["https:\/\/deepadaptation.hu\/en\/resilience\/"]}]},{"@type":"BreadcrumbList","@id":"https:\/\/deepadaptation.hu\/en\/resilience\/#breadcrumb","itemListElement":[{"@type":"ListItem","position":1,"name":"Kezd\u0151lap","item":"https:\/\/deepadaptation.hu\/en\/"},{"@type":"ListItem","position":2,"name":"Resilience"}]},{"@type":"WebSite","@id":"https:\/\/deepadaptation.hu\/en\/#website","url":"https:\/\/deepadaptation.hu\/en\/","name":"deepadaptation.hu","description":"A m\u00e9lyalkalmazkod\u00e1s lehet\u0151s\u00e9gei Magyarorsz\u00e1gon a polikr\u00edzis kibontakoz\u00e1sa miatt miatt v\u00e1rhat\u00f3 t\u00e1rsadalmi \u00f6sszeoml\u00e1sra tekintettel.","publisher":{"@id":"https:\/\/deepadaptation.hu\/en\/#organization"},"potentialAction":[{"@type":"SearchAction","target":{"@type":"EntryPoint","urlTemplate":"https:\/\/deepadaptation.hu\/en\/?s={search_term_string}"},"query-input":{"@type":"PropertyValueSpecification","valueRequired":true,"valueName":"search_term_string"}}],"inLanguage":"en-US"},{"@type":"Organization","@id":"https:\/\/deepadaptation.hu\/en\/#organization","name":"Deep Adaptation Hungary","url":"https:\/\/deepadaptation.hu\/en\/","logo":{"@type":"ImageObject","inLanguage":"en-US","@id":"https:\/\/deepadaptation.hu\/en\/#\/schema\/logo\/image\/","url":"https:\/\/deepadaptation.hu\/wp-content\/uploads\/2022\/02\/deepadaptation-hun.jpg","contentUrl":"https:\/\/deepadaptation.hu\/wp-content\/uploads\/2022\/02\/deepadaptation-hun.jpg","width":1071,"height":291,"caption":"Deep Adaptation Hungary"},"image":{"@id":"https:\/\/deepadaptation.hu\/en\/#\/schema\/logo\/image\/"},"sameAs":["https:\/\/www.facebook.com\/groups\/deepadaptationhungary\/","https:\/\/www.linkedin.com\/groups\/12625825\/"]}]}},"_links":{"self":[{"href":"https:\/\/deepadaptation.hu\/en\/wp-json\/wp\/v2\/pages\/6494","targetHints":{"allow":["GET"]}}],"collection":[{"href":"https:\/\/deepadaptation.hu\/en\/wp-json\/wp\/v2\/pages"}],"about":[{"href":"https:\/\/deepadaptation.hu\/en\/wp-json\/wp\/v2\/types\/page"}],"author":[{"embeddable":true,"href":"https:\/\/deepadaptation.hu\/en\/wp-json\/wp\/v2\/users\/2"}],"replies":[{"embeddable":true,"href":"https:\/\/deepadaptation.hu\/en\/wp-json\/wp\/v2\/comments?post=6494"}],"version-history":[{"count":5,"href":"https:\/\/deepadaptation.hu\/en\/wp-json\/wp\/v2\/pages\/6494\/revisions"}],"predecessor-version":[{"id":6975,"href":"https:\/\/deepadaptation.hu\/en\/wp-json\/wp\/v2\/pages\/6494\/revisions\/6975"}],"wp:attachment":[{"href":"https:\/\/deepadaptation.hu\/en\/wp-json\/wp\/v2\/media?parent=6494"}],"curies":[{"name":"wp","href":"https:\/\/api.w.org\/{rel}","templated":true}]}}